{"id":4577,"date":"2018-07-19T09:04:59","date_gmt":"2018-07-19T09:04:59","guid":{"rendered":"http:\/\/www.nsign.academy\/cursos-online\/"},"modified":"2025-09-17T11:17:47","modified_gmt":"2025-09-17T11:17:47","slug":"cursos-online","status":"publish","type":"page","link":"https:\/\/nsign.academy\/fr\/cursos-online\/","title":{"rendered":"Que voulez-vous apprendre aujourd\u2019hui ?"},"content":{"rendered":"<p>[vc_row row_content_width=\u00a0\u00bbgrid\u00a0\u00bb css=\u00a0\u00bb.vc_custom_1532960256695{padding-top: 60px !important;padding-bottom: 74px !important;}\u00a0\u00bb][vc_column]<div class=\"eltdf-elements-holder   eltdf-one-column  eltdf-responsive-mode-768   \" ><div class=\"eltdf-eh-item     \"  data-item-class=\"eltdf-eh-custom-8926\">\n\t<div class=\"eltdf-eh-item-inner\">\n\t\t<div class=\"eltdf-eh-item-content eltdf-eh-custom-8926\" style=\"padding: 0 0% 0 0%\">\n\t\t\t<div class=\"eltdf-course-list-holder eltdf-grid-list eltdf-disable-bottom-space clearfix eltdf-cl-gallery eltdf-four-columns eltdf-large-space eltdf-cl-standard eltdf-cl-pag-no-pagination      \"  data-number-of-columns=four data-space-between-items=large data-number-of-items=-1 data-enable-image=yes data-image-proportions=medium data-orderby=menu_order data-order=ASC data-item-layout=standard data-enable-title=yes data-title-tag=h4 data-enable-instructor=no data-enable-price=no data-enable-excerpt=yes data-excerpt-length=200 data-enable-students=yes data-enable-category=no data-category-boxed=yes data-enable-ratings=no data-pagination-type=no-pagination data-filter=no data-filter-order-by=name data-enable-article-animation=no data-course-slider-on=no data-enable-loop=yes data-enable-autoplay=yes data-slider-speed=5000 data-slider-speed-animation=600 data-enable-navigation=yes data-enable-pagination=yes data-widget=no data-filter-center=no data-max-num-pages=0 data-next-page=2>\n\t\t\t<div class=\"eltdf-cl-inner eltdf-outer-space \">\n\t\t<article class=\"eltdf-cl-item eltdf-item-space post-4591 course type-course status-publish has-post-thumbnail hentry\"  data-name=1.-introduction data-date=>\n\t<div class=\"eltdf-cl-item-inner\">\n\t\t<div class=\"eltdf-cli-image\">\n\t\t\t<img loading=\"lazy\" decoding=\"async\" width=\"300\" height=\"218\" src=\"https:\/\/nsign.academy\/wp-content\/uploads\/2020\/12\/BANNER-NSIGN-CURSOS-ACADEMY-1-1-300x218.png\" class=\"attachment-medium size-medium wp-post-image\" alt=\"\" srcset=\"https:\/\/nsign.academy\/wp-content\/uploads\/2020\/12\/BANNER-NSIGN-CURSOS-ACADEMY-1-1-300x218.png 300w, https:\/\/nsign.academy\/wp-content\/uploads\/2020\/12\/BANNER-NSIGN-CURSOS-ACADEMY-1-1-1024x745.png 1024w, https:\/\/nsign.academy\/wp-content\/uploads\/2020\/12\/BANNER-NSIGN-CURSOS-ACADEMY-1-1-768x559.png 768w, https:\/\/nsign.academy\/wp-content\/uploads\/2020\/12\/BANNER-NSIGN-CURSOS-ACADEMY-1-1-600x437.png 600w, https:\/\/nsign.academy\/wp-content\/uploads\/2020\/12\/BANNER-NSIGN-CURSOS-ACADEMY-1-1.png 1300w\" sizes=\"auto, (max-width: 300px) 100vw, 300px\" \/>\t    <\/div>\n<div class=\"eltdf-cli-text-holder\">\n\t<div class=\"eltdf-cli-text-wrapper\">\n\t\t<div class=\"eltdf-cli-text\">\n\t\t\t<div class=\"eltdf-cli-top-info\">\n\t\t\t\t\t<h4 itemprop=\"name\" class=\"eltdf-cli-title entry-title\" >\n\t<a itemprop=\"url\" href=\"https:\/\/nsign.academy\/fr\/course\/1-introduction\/\" target=\"_self\">\n\t\t1. Introduction\t<\/a>\n\t<\/h4>\n\t\t\t\t\n\t\t\t\t\t\t\t\n\t\t\t<\/div>\n\t\t\t\t<p itemprop=\"description\" class=\"eltdf-cli-excerpt\">Bienvenue \u00e0 nsign.tv ! Nous allons vous montrer comment activer votre compte utilisateur pour commencer \u00e0 g\u00e9rer vos canaux. <\/p>\n\t\t\t<div class=\"eltdf-cli-bottom-info\">\n\t\t\t\t<div class=\"eltdf-students-number-holder\">\n\t<span aria-hidden=\"true\" class=\"icon dripicons-user eltdf-student-icon\"><\/span>\n\t<span>\n    0    Students    <\/span>\n<\/div>\n\n                \t\t\t\t\n\t\t\t\t\n                \t\t\t<\/div>\n\t\t<\/div>\n\t<\/div>\n<\/div>\t\t<a itemprop=\"url\" class=\"eltdf-cli-link eltdf-block-drag-link\" href=\"https:\/\/nsign.academy\/fr\/course\/1-introduction\/\"><\/a>\n\t<\/div>\n<\/article><article class=\"eltdf-cl-item eltdf-item-space post-4609 course type-course status-publish has-post-thumbnail hentry\"  data-name=2.-configuration data-date=>\n\t<div class=\"eltdf-cl-item-inner\">\n\t\t<div class=\"eltdf-cli-image\">\n\t\t\t<img loading=\"lazy\" decoding=\"async\" width=\"300\" height=\"218\" src=\"https:\/\/nsign.academy\/wp-content\/uploads\/2020\/12\/BANNER-NSIGN-CURSOS-ACADEMY-2-300x218.png\" class=\"attachment-medium size-medium wp-post-image\" alt=\"\" srcset=\"https:\/\/nsign.academy\/wp-content\/uploads\/2020\/12\/BANNER-NSIGN-CURSOS-ACADEMY-2-300x218.png 300w, https:\/\/nsign.academy\/wp-content\/uploads\/2020\/12\/BANNER-NSIGN-CURSOS-ACADEMY-2-1024x745.png 1024w, https:\/\/nsign.academy\/wp-content\/uploads\/2020\/12\/BANNER-NSIGN-CURSOS-ACADEMY-2-768x559.png 768w, https:\/\/nsign.academy\/wp-content\/uploads\/2020\/12\/BANNER-NSIGN-CURSOS-ACADEMY-2-600x437.png 600w, https:\/\/nsign.academy\/wp-content\/uploads\/2020\/12\/BANNER-NSIGN-CURSOS-ACADEMY-2.png 1300w\" sizes=\"auto, (max-width: 300px) 100vw, 300px\" \/>\t    <\/div>\n<div class=\"eltdf-cli-text-holder\">\n\t<div class=\"eltdf-cli-text-wrapper\">\n\t\t<div class=\"eltdf-cli-text\">\n\t\t\t<div class=\"eltdf-cli-top-info\">\n\t\t\t\t\t<h4 itemprop=\"name\" class=\"eltdf-cli-title entry-title\" >\n\t<a itemprop=\"url\" href=\"https:\/\/nsign.academy\/fr\/course\/2-configuration\/\" target=\"_self\">\n\t\t2. Configuration\t<\/a>\n\t<\/h4>\n\t\t\t\t\n\t\t\t\t\t\t\t\n\t\t\t<\/div>\n\t\t\t\t<p itemprop=\"description\" class=\"eltdf-cli-excerpt\">Comment connecter mon dispositif ? Sp\u00e9cifications ? Nous vous ferons part des aspects plus techniques lors de l\u2019installation. <\/p>\n\t\t\t<div class=\"eltdf-cli-bottom-info\">\n\t\t\t\t<div class=\"eltdf-students-number-holder\">\n\t<span aria-hidden=\"true\" class=\"icon dripicons-user eltdf-student-icon\"><\/span>\n\t<span>\n    0    Students    <\/span>\n<\/div>\n\n                \t\t\t\t\n\t\t\t\t\n                \t\t\t<\/div>\n\t\t<\/div>\n\t<\/div>\n<\/div>\t\t<a itemprop=\"url\" class=\"eltdf-cli-link eltdf-block-drag-link\" href=\"https:\/\/nsign.academy\/fr\/course\/2-configuration\/\"><\/a>\n\t<\/div>\n<\/article><article class=\"eltdf-cl-item eltdf-item-space post-4618 course type-course status-publish has-post-thumbnail hentry\"  data-name=3.-cms data-date=>\n\t<div class=\"eltdf-cl-item-inner\">\n\t\t<div class=\"eltdf-cli-image\">\n\t\t\t<img loading=\"lazy\" decoding=\"async\" width=\"300\" height=\"218\" src=\"https:\/\/nsign.academy\/wp-content\/uploads\/2021\/04\/3-module-300x218.jpg\" class=\"attachment-medium size-medium wp-post-image\" alt=\"\" srcset=\"https:\/\/nsign.academy\/wp-content\/uploads\/2021\/04\/3-module-300x218.jpg 300w, https:\/\/nsign.academy\/wp-content\/uploads\/2021\/04\/3-module-768x559.jpg 768w, https:\/\/nsign.academy\/wp-content\/uploads\/2021\/04\/3-module-600x437.jpg 600w, https:\/\/nsign.academy\/wp-content\/uploads\/2021\/04\/3-module.jpg 1024w\" sizes=\"auto, (max-width: 300px) 100vw, 300px\" \/>\t    <\/div>\n<div class=\"eltdf-cli-text-holder\">\n\t<div class=\"eltdf-cli-text-wrapper\">\n\t\t<div class=\"eltdf-cli-text\">\n\t\t\t<div class=\"eltdf-cli-top-info\">\n\t\t\t\t\t<h4 itemprop=\"name\" class=\"eltdf-cli-title entry-title\" >\n\t<a itemprop=\"url\" href=\"https:\/\/nsign.academy\/fr\/course\/3-cms\/\" target=\"_self\">\n\t\t3. CMS\t<\/a>\n\t<\/h4>\n\t\t\t\t\n\t\t\t\t\t\t\t\n\t\t\t<\/div>\n\t\t\t\t<p itemprop=\"description\" class=\"eltdf-cli-excerpt\">T\u00e9l\u00e9chargez et organisez le contenu, d\u00e9finissez vos canaux et programmez l\u2019heure de diffusion.<\/p>\n\t\t\t<div class=\"eltdf-cli-bottom-info\">\n\t\t\t\t<div class=\"eltdf-students-number-holder\">\n\t<span aria-hidden=\"true\" class=\"icon dripicons-user eltdf-student-icon\"><\/span>\n\t<span>\n    0    Students    <\/span>\n<\/div>\n\n                \t\t\t\t\n\t\t\t\t\n                \t\t\t<\/div>\n\t\t<\/div>\n\t<\/div>\n<\/div>\t\t<a itemprop=\"url\" class=\"eltdf-cli-link eltdf-block-drag-link\" href=\"https:\/\/nsign.academy\/fr\/course\/3-cms\/\"><\/a>\n\t<\/div>\n<\/article><article class=\"eltdf-cl-item eltdf-item-space post-4715 course type-course status-publish has-post-thumbnail hentry\"  data-name=4.-fonctions-pro data-date=>\n\t<div class=\"eltdf-cl-item-inner\">\n\t\t<div class=\"eltdf-cli-image\">\n\t\t\t<img loading=\"lazy\" decoding=\"async\" width=\"300\" height=\"218\" src=\"https:\/\/nsign.academy\/wp-content\/uploads\/2020\/10\/BANNER-NSIGN-CURSOS-ACADEMY-4-1-300x218.png\" class=\"attachment-medium size-medium wp-post-image\" alt=\"\" srcset=\"https:\/\/nsign.academy\/wp-content\/uploads\/2020\/10\/BANNER-NSIGN-CURSOS-ACADEMY-4-1-300x218.png 300w, https:\/\/nsign.academy\/wp-content\/uploads\/2020\/10\/BANNER-NSIGN-CURSOS-ACADEMY-4-1-1024x745.png 1024w, https:\/\/nsign.academy\/wp-content\/uploads\/2020\/10\/BANNER-NSIGN-CURSOS-ACADEMY-4-1-768x559.png 768w, https:\/\/nsign.academy\/wp-content\/uploads\/2020\/10\/BANNER-NSIGN-CURSOS-ACADEMY-4-1-600x437.png 600w, https:\/\/nsign.academy\/wp-content\/uploads\/2020\/10\/BANNER-NSIGN-CURSOS-ACADEMY-4-1.png 1300w\" sizes=\"auto, (max-width: 300px) 100vw, 300px\" \/>\t    <\/div>\n<div class=\"eltdf-cli-text-holder\">\n\t<div class=\"eltdf-cli-text-wrapper\">\n\t\t<div class=\"eltdf-cli-text\">\n\t\t\t<div class=\"eltdf-cli-top-info\">\n\t\t\t\t\t<h4 itemprop=\"name\" class=\"eltdf-cli-title entry-title\" >\n\t<a itemprop=\"url\" href=\"https:\/\/nsign.academy\/fr\/course\/4-fonctions-pro\/\" target=\"_self\">\n\t\t4. Fonctions pro\t<\/a>\n\t<\/h4>\n\t\t\t\t\n\t\t\t\t\t\t\t\n\t\t\t<\/div>\n\t\t\t\t<p itemprop=\"description\" class=\"eltdf-cli-excerpt\">Cr\u00e9ez et adaptez diff\u00e9rents formats d&#039;\u00e9cran pour vos cha\u00eenes. Configurez votre circuit num\u00e9rique et obtenez des exp\u00e9riences incroyables.<\/p>\n\t\t\t<div class=\"eltdf-cli-bottom-info\">\n\t\t\t\t<div class=\"eltdf-students-number-holder\">\n\t<span aria-hidden=\"true\" class=\"icon dripicons-user eltdf-student-icon\"><\/span>\n\t<span>\n    0    Students    <\/span>\n<\/div>\n\n                \t\t\t\t\n\t\t\t\t\n                \t\t\t<\/div>\n\t\t<\/div>\n\t<\/div>\n<\/div>\t\t<a itemprop=\"url\" class=\"eltdf-cli-link eltdf-block-drag-link\" href=\"https:\/\/nsign.academy\/fr\/course\/4-fonctions-pro\/\"><\/a>\n\t<\/div>\n<\/article><article class=\"eltdf-cl-item eltdf-item-space post-4737 course type-course status-publish has-post-thumbnail hentry\"  data-name=5.widgets data-date=>\n\t<div class=\"eltdf-cl-item-inner\">\n\t\t<div class=\"eltdf-cli-image\">\n\t\t\t<img loading=\"lazy\" decoding=\"async\" width=\"300\" height=\"218\" src=\"https:\/\/nsign.academy\/wp-content\/uploads\/2020\/10\/BANNER-NSIGN-CURSOS-ACADEMY-5-300x218.png\" class=\"attachment-medium size-medium wp-post-image\" alt=\"\" srcset=\"https:\/\/nsign.academy\/wp-content\/uploads\/2020\/10\/BANNER-NSIGN-CURSOS-ACADEMY-5-300x218.png 300w, https:\/\/nsign.academy\/wp-content\/uploads\/2020\/10\/BANNER-NSIGN-CURSOS-ACADEMY-5-1024x745.png 1024w, https:\/\/nsign.academy\/wp-content\/uploads\/2020\/10\/BANNER-NSIGN-CURSOS-ACADEMY-5-768x559.png 768w, https:\/\/nsign.academy\/wp-content\/uploads\/2020\/10\/BANNER-NSIGN-CURSOS-ACADEMY-5-600x437.png 600w, https:\/\/nsign.academy\/wp-content\/uploads\/2020\/10\/BANNER-NSIGN-CURSOS-ACADEMY-5.png 1300w\" sizes=\"auto, (max-width: 300px) 100vw, 300px\" \/>\t    <\/div>\n<div class=\"eltdf-cli-text-holder\">\n\t<div class=\"eltdf-cli-text-wrapper\">\n\t\t<div class=\"eltdf-cli-text\">\n\t\t\t<div class=\"eltdf-cli-top-info\">\n\t\t\t\t\t<h4 itemprop=\"name\" class=\"eltdf-cli-title entry-title\" >\n\t<a itemprop=\"url\" href=\"https:\/\/nsign.academy\/fr\/course\/5-widgets\/\" target=\"_self\">\n\t\t5.Widgets\t<\/a>\n\t<\/h4>\n\t\t\t\t\n\t\t\t\t\t\t\t\n\t\t\t<\/div>\n\t\t\t\t<p itemprop=\"description\" class=\"eltdf-cli-excerpt\">Connectez votre espace physique au monde en ligne. Associez et diffusez vos r\u00e9seaux sociaux sur vos cha\u00eenes.<\/p>\n\t\t\t<div class=\"eltdf-cli-bottom-info\">\n\t\t\t\t<div class=\"eltdf-students-number-holder\">\n\t<span aria-hidden=\"true\" class=\"icon dripicons-user eltdf-student-icon\"><\/span>\n\t<span>\n    0    Students    <\/span>\n<\/div>\n\n                \t\t\t\t\n\t\t\t\t\n                \t\t\t<\/div>\n\t\t<\/div>\n\t<\/div>\n<\/div>\t\t<a itemprop=\"url\" class=\"eltdf-cli-link eltdf-block-drag-link\" href=\"https:\/\/nsign.academy\/fr\/course\/5-widgets\/\"><\/a>\n\t<\/div>\n<\/article><article class=\"eltdf-cl-item eltdf-item-space post-5125 course type-course status-publish has-post-thumbnail hentry\"  data-name=6.reseller-area data-date=>\n\t<div class=\"eltdf-cl-item-inner\">\n\t\t<div class=\"eltdf-cli-image\">\n\t\t\t<img loading=\"lazy\" decoding=\"async\" width=\"300\" height=\"218\" src=\"https:\/\/nsign.academy\/wp-content\/uploads\/2021\/12\/9-module-300x218.png\" class=\"attachment-medium size-medium wp-post-image\" alt=\"\" srcset=\"https:\/\/nsign.academy\/wp-content\/uploads\/2021\/12\/9-module-300x218.png 300w, https:\/\/nsign.academy\/wp-content\/uploads\/2021\/12\/9-module-768x559.png 768w, https:\/\/nsign.academy\/wp-content\/uploads\/2021\/12\/9-module-600x437.png 600w, https:\/\/nsign.academy\/wp-content\/uploads\/2021\/12\/9-module.png 1024w\" sizes=\"auto, (max-width: 300px) 100vw, 300px\" \/>\t    <\/div>\n<div class=\"eltdf-cli-text-holder\">\n\t<div class=\"eltdf-cli-text-wrapper\">\n\t\t<div class=\"eltdf-cli-text\">\n\t\t\t<div class=\"eltdf-cli-top-info\">\n\t\t\t\t\t<h4 itemprop=\"name\" class=\"eltdf-cli-title entry-title\" >\n\t<a itemprop=\"url\" href=\"https:\/\/nsign.academy\/fr\/course\/6-reseller-area\/\" target=\"_self\">\n\t\t6.Reseller area\t<\/a>\n\t<\/h4>\n\t\t\t\t\n\t\t\t\t\t\t\t\n\t\t\t<\/div>\n\t\t\t\t<p itemprop=\"description\" class=\"eltdf-cli-excerpt\">Apprenez \u00e0 g\u00e9rer vos licences et \u00e0 am\u00e9liorer la gestion et l&#039;organisation de vos clients.<\/p>\n\t\t\t<div class=\"eltdf-cli-bottom-info\">\n\t\t\t\t<div class=\"eltdf-students-number-holder\">\n\t<span aria-hidden=\"true\" class=\"icon dripicons-user eltdf-student-icon\"><\/span>\n\t<span>\n    0    Students    <\/span>\n<\/div>\n\n                \t\t\t\t\n\t\t\t\t\n                \t\t\t<\/div>\n\t\t<\/div>\n\t<\/div>\n<\/div>\t\t<a itemprop=\"url\" class=\"eltdf-cli-link eltdf-block-drag-link\" href=\"https:\/\/nsign.academy\/fr\/course\/6-reseller-area\/\"><\/a>\n\t<\/div>\n<\/article>\t<\/div>\n\t\n\t<\/div>\t\t<\/div>\n\t<\/div>\n<\/div><\/div>[\/vc_column][\/vc_row]<\/p>\n","protected":false},"excerpt":{"rendered":"<p>[vc_row row_content_width=\u00a0\u00bbgrid\u00a0\u00bb css=\u00a0\u00bb.vc_custom_1532960256695{padding-top: 60px !important;padding-bottom: 74px !important;}\u00a0\u00bb][vc_column][\/vc_column][\/vc_row]<\/p>\n","protected":false},"author":2,"featured_media":0,"parent":0,"menu_order":0,"comment_status":"closed","ping_status":"closed","template":"full-width.php","meta":{"_bbp_topic_count":0,"_bbp_reply_count":0,"_bbp_total_topic_count":0,"_bbp_total_reply_count":0,"_bbp_voice_count":0,"_bbp_anonymous_reply_count":0,"_bbp_topic_count_hidden":0,"_bbp_reply_count_hidden":0,"_bbp_forum_subforum_count":0,"footnotes":""},"class_list":["post-4577","page","type-page","status-publish","hentry"],"_links":{"self":[{"href":"https:\/\/nsign.academy\/fr\/wp-json\/wp\/v2\/pages\/4577","targetHints":{"allow":["GET"]}}],"collection":[{"href":"https:\/\/nsign.academy\/fr\/wp-json\/wp\/v2\/pages"}],"about":[{"href":"https:\/\/nsign.academy\/fr\/wp-json\/wp\/v2\/types\/page"}],"author":[{"embeddable":true,"href":"https:\/\/nsign.academy\/fr\/wp-json\/wp\/v2\/users\/2"}],"replies":[{"embeddable":true,"href":"https:\/\/nsign.academy\/fr\/wp-json\/wp\/v2\/comments?post=4577"}],"version-history":[{"count":5,"href":"https:\/\/nsign.academy\/fr\/wp-json\/wp\/v2\/pages\/4577\/revisions"}],"predecessor-version":[{"id":5458,"href":"https:\/\/nsign.academy\/fr\/wp-json\/wp\/v2\/pages\/4577\/revisions\/5458"}],"wp:attachment":[{"href":"https:\/\/nsign.academy\/fr\/wp-json\/wp\/v2\/media?parent=4577"}],"curies":[{"name":"wp","href":"https:\/\/api.w.org\/{rel}","templated":true}]}}